{"id":18,"date":"2023-11-23T21:33:10","date_gmt":"2023-11-23T21:33:10","guid":{"rendered":"https:\/\/pasidaryk-robota.lt\/?post_type=product&#038;p=18"},"modified":"2024-12-08T12:02:38","modified_gmt":"2024-12-08T12:02:38","slug":"esp32-valdiklis","status":"publish","type":"product","link":"https:\/\/pasidaryk-robota.lt\/en\/product\/esp32-valdiklis\/","title":{"rendered":"ESP32 mikrovaldiklis"},"content":{"rendered":"<h2>\u00a0ESP32 valdiklis. Apra\u0161ymas<\/h2>\n<ol>\n<li>Modulio pagrindas yra ESP32 mikrovaldiklis. Periferin\u0117 ESP32 valdiklio dalis naudoja USB serialin\u012f lust\u0105 CP2102, i\u0161ple\u010diant\u012f mikro USB s\u0105saj\u0105. Tai leid\u017eia\u00a0 ESP32 tiesiogiai derinti su kompiuteriu. Prisijungus per USB duomen\u0173 perdavimas yra greitas ir stabilus.<\/li>\n<li>Modulyje yra maitinimo indikatorius (raudona \u0161viesa). Ir darbo b\u016bsenos indikatorius (m\u0117lyna \u0161viesa). Tad\u00a0 galite bet kuriuo metu \u017einoti modulio b\u016bsen\u0105.<\/li>\n<li>Yra du jutikliniai mygtukai: vienas atstatymui, kitas \u012fgalina modul\u012f \u012fvesti \u012f programavimo re\u017eim\u0105. Be to,\u00a0 plok\u0161t\u0117s abiejose \u0161onuose yra adat\u0117l\u0117s. Jos leis patogiai programuotojams prijungti ir naudoti \u012fvairius sencorius, ar kitus \u012fvesties \/ i\u0161vesties \u012frenginius.<\/li>\n<li>Modulis turi galingas Bluetooth ir WiFi funkcijas. Kaip Bluetooth ir WiFi pl\u0117timas, jis gali gauti i\u0161teklius i\u0161 Lexin ir anxinco oficiali\u0173 svetaini\u0173.<\/li>\n<li>Be to, modulis palaiko NodeMCU ir kitas k\u016brimo aplinkas. Ii\u0161ple\u010diant turim\u0173 i\u0161tekli\u0173 diapazon\u0105 ir \u017eenkliai pagerindamas mokymosi ir pl\u0117tros lengvum\u0105. \u017dinoma, j\u012f taip pat galima pla\u010diai naudoti interneto daikt\u0173 scenarijose. papuliariausiai naudojamas nam\u0173 automatikai, belaid\u017eio pramoninio valdymo sistemai, belaid\u017eio pozicionavimo sistemos signalui, robotikoje\u00a0 ir kt.<\/li>\n<\/ol>\n<h2>ESP32 Ypatyb\u0117s<\/h2>\n<ol>\n<li>Modulis \/\u00a0 ESP32 valdiklis\u00a0 skirtas kurti automatizuotas mini sistemas, robotus, i\u0161mani\u0173 nam\u0173 valdymui.\u00a0 ESP32\u00a0 pasi\u017eymi geromis parametr\u0173 charakteristikomis;<\/li>\n<li>802.11b\/g\/WiFi + BT modulis;<\/li>\n<li>Ma\u017eo galingumo dviej\u0173 branduoli\u0173 32 bit\u0173 CPU, kur\u012f galima naudoti kaip taikymo procesori\u0173;<\/li>\n<li>Pagrindin\u0117 da\u017enio iki 240 MHz ir veiklos talpa iki 600 DMIPS;<\/li>\n<li>Palaikymas UART \/ SPI \/ I2C \/ PWM \/ DAC \/ ADC ir kitos s\u0105sajos;<\/li>\n<li>Palaikymas openOCD derinimo s\u0105sajoje;<\/li>\n<li>Palaikomi keli miego re\u017eimai, ir esant giliam miegui srov\u0117 siekia\u00a0 tik 6,5 \u03bcA;<\/li>\n<li>\u012ediegta LwIP ir FreeRTOS;<\/li>\n<li>Palaikomi STA\/AP\/STA+AP re\u017eimai;<\/li>\n<li>Palaikymas Smart Config \/ Airkiss vieno mygtuko tinklo platinimas;<\/li>\n<li>Bendras AT komand\u0173 palaikymas, lengvas naudoti;<\/li>\n<li>Palaiko atnaujinimus vietiniu serial portu ir nuotoliniu atnaujinimu (FOTA).<\/li>\n<\/ol>\n<h2>Specifikacija<\/h2>\n<ul>\n<li>SPIFlash: numatytasis 32 Mbit<\/li>\n<li>Bluetooth: Bluetooth suderinama su 4.2 BR\/EDR ir BLE standartais<\/li>\n<li>Palaikomos s\u0105sajos: UART, SPI, SDIO, I2C, PWM, I2S, IR, ADC, DAC<\/li>\n<li>Ant mikroschem\u0173 sensoriai: Holo jutiklis, temperat\u016bros jutiklis,\u00a0 lietimo jutiklis<\/li>\n<li>IO portai: 22 vnt.<\/li>\n<li>Serialinio porto greitis: pagal numatytuosius nustatymus 115200 BPS<\/li>\n<li>Spektro diapazonas: 2412 ~ 2484 MHz<\/li>\n<li>Antenos forma: Antenos plok\u0161t\u0117 modulyje, stiprinimas 2dBi<\/li>\n<li>Siun\u010diamoji galia: 802.11b: 17 \u00b1 2 dBm (11 Mbps), 802.11g: 14 + 2 dBm (54 Mbps), 802.11n: 13 \u00b1 2 dBm (MCS7)<\/li>\n<li>Imamas jautrumas: CCK, 1 Mbps: -90 dBm, CCK, 11 Mbps: -85 dBm, 6 Mbps (1 \/ 2bpsk): -88 dBm, 54 Mbps (3 \/ 464-qam): -70 dBm, mcs7 (65 Mbps, 72.2 Mbps): -67 dBm<\/li>\n<li>Galia: 300 mA 3.3 V<\/li>\n<li>Sauga: WPA \/ WPA2 \/ WPA2 Enterprise \/ WPS<\/li>\n<li>Maitinimo diapazonas: USB maitinimas: 5 V ki\u0161tuko maitinimas: 5.0 V ~ 7 V<\/li>\n<li>Darbo temperat\u016bra: -20 ~ 85 \u2103<\/li>\n<li>Saugojimo aplinka: -40 ~ 90 \u2103, &lt;90% RH<\/li>\n<li>Produkto dydis: 52 * 29 * 15 mm \/ 2,04 * 1,14 * 0,59 coli\u0173<\/li>\n<li>ESP32-WROOM-32D ESP32-WROOM-32U ESP 32 N<\/li>\n<li>Type C laido jungtis. (Atkreipiame d\u0117mes\u012f, kad nuotraukoje pateiktas pavyzdys su micro USB, o realyb\u0117je Type C jungtis)<\/li>\n<\/ul>\n<p>Kitos \u017dymos: ESP32-WROOM-32D ESP32-WROOM-32U ESP 32 , ESP32 , ESP32 development board, ESP32 dev , NODEMCU<\/p>\n<p>&nbsp;<\/p>\n<h2>10 Pavyzd\u017ei\u0173. Kur naudojamas ESP32 valdiklis, valdiklio panaudojimo scenarijai:<\/h2>\n<ol>\n<li><strong>Internet of Things (IoT) \u012erenginiai<\/strong><\/li>\n<li><strong>Bebrov\u0117s Technologijos (Wearable Devices)<\/strong><\/li>\n<li><strong>Wi-Fi ir Bluetooth Prievadai<\/strong><\/li>\n<li><strong>Sensoriniai Projektai su \u012evairiais Davikliais<\/strong><\/li>\n<li><strong>Nuotolinio Valdymo Robotai<\/strong><\/li>\n<li><strong>Automatiniai Nam\u0173 Sistemos Valdikliai<\/strong><\/li>\n<li><strong>Elektronikos Prototipavimas<\/strong><\/li>\n<li><strong>Automatinis Augal\u0173 Laistymas su Jutikliais<\/strong><\/li>\n<li><strong>WiFi Signalo Stiprintuvai<\/strong><\/li>\n<li><strong>Temperat\u016bros , Dr\u0117gm\u0117s, D\u016bm\u0173, vandens nuotekio\u00a0 ir kit sensori\u0173\u00a0 duomen\u0173 steb\u0117jimas<\/strong><\/li>\n<\/ol>\n<p>&nbsp;<\/p>\n<ul>\n<li><strong>Pastaba:<\/strong>\n<ol>\n<li>\u0160i parduotuv\u0117 prekiauja gaminiais, ta\u010diau technin\u0117 pagalba n\u0117ra teikiama. Jei turite tam tikr\u0105 elektronini\u0173 technologij\u0173 \u017eini\u0173 pagrind\u0105, galite dr\u0105siai pirkti.<\/li>\n<li>Galima 1-3 mm\u00a0 i\u0161matavimo paklaida. D\u0117l skirtingo ap\u0161vietimo,ar skirtingo gamintojo, bei skirtingo \u0161viesos da\u017enio, nuotrauka gali\u00a0 nesutapti su prek\u0117s spalvos. A\u010di\u016b u\u017e supratim\u0105.<\/li>\n<\/ol>\n<\/li>\n<\/ul>","protected":false},"excerpt":{"rendered":"<p>ESP32\u00a0 tai\u00a0 ma\u017eo energijos naudojimo mikrovaldiklis su integruotu Wi-Fi ir Bluetooth. Esp32 valdiklis m\u0117gstamas robotikos ir i\u0161mani\u0173 nam\u0173 k\u016br\u0117j\u0173 gretose.<\/p>\n<p>&nbsp;<\/p>","protected":false},"featured_media":19,"comment_status":"closed","ping_status":"closed","template":"","meta":{"rank_math_lock_modified_date":false},"product_cat":[15],"product_tag":[],"class_list":{"0":"post-18","1":"product","2":"type-product","3":"status-publish","4":"has-post-thumbnail","6":"product_cat-uncategorized","8":"first","9":"instock","10":"sale","11":"shipping-taxable","12":"purchasable","13":"product-type-simple"},"_links":{"self":[{"href":"https:\/\/pasidaryk-robota.lt\/en\/wp-json\/wp\/v2\/product\/18"}],"collection":[{"href":"https:\/\/pasidaryk-robota.lt\/en\/wp-json\/wp\/v2\/product"}],"about":[{"href":"https:\/\/pasidaryk-robota.lt\/en\/wp-json\/wp\/v2\/types\/product"}],"replies":[{"embeddable":true,"href":"https:\/\/pasidaryk-robota.lt\/en\/wp-json\/wp\/v2\/comments?post=18"}],"wp:featuredmedia":[{"embeddable":true,"href":"https:\/\/pasidaryk-robota.lt\/en\/wp-json\/wp\/v2\/media\/19"}],"wp:attachment":[{"href":"https:\/\/pasidaryk-robota.lt\/en\/wp-json\/wp\/v2\/media?parent=18"}],"wp:term":[{"taxonomy":"product_cat","embeddable":true,"href":"https:\/\/pasidaryk-robota.lt\/en\/wp-json\/wp\/v2\/product_cat?post=18"},{"taxonomy":"product_tag","embeddable":true,"href":"https:\/\/pasidaryk-robota.lt\/en\/wp-json\/wp\/v2\/product_tag?post=18"}],"curies":[{"name":"wp","href":"https:\/\/api.w.org\/{rel}","templated":true}]}}