{"id":285,"date":"2024-09-07T22:14:23","date_gmt":"2024-09-07T22:14:23","guid":{"rendered":"https:\/\/pasidaryk-robota.lt\/?post_type=product&#038;p=285"},"modified":"2025-12-30T08:45:57","modified_gmt":"2025-12-30T08:45:57","slug":"lietuviska-e-knyga-python-programavi","status":"publish","type":"product","link":"https:\/\/pasidaryk-robota.lt\/en\/product\/lietuviska-e-knyga-python-programavi\/","title":{"rendered":"Lietuvi\u0161ka e-knyga. Programavimo abc su Python  arba  programavimas lengvai"},"content":{"rendered":"<h1>Lietuvi\u0161ka e-knyga. Programavimo abc su Python arba programavimas lengvai<\/h1>\n<p>&nbsp;<\/p>\n<p>Ar svajojate apie karjer\u0105 technologij\u0173 srityje, \u00a0o gal norite tapti \u017eaidim\u0173 k\u016br\u0117ju, bet ne\u017einote, nuo ko prad\u0117ti? Python \u2013 tai j\u016bs\u0173 bilietas \u012f \u0161\u012f jaudinant\u012f pasaul\u012f! \u0160i knyga atskleis jums Python programavimo paslaptis paprastai ir \u012fdomiai. Nesvarbu, ar esate visi\u0161kas naujokas, ar jau turite \u0161iek tiek patirties, \u010dia rasite visk\u0105, ko reikia, kad taptum\u0117te Python meistru. \u0160iuolaikiniame pasaulyje Python \u012fg\u016bd\u017eiai yra aukso vert\u0117s \u2013 prad\u0117kite savo kelion\u0119 jau \u0161iandien!<\/p>\n<p>\u0160i knyga skirta jauniems suaugusiesiems, trok\u0161tantiems pasinerti \u012f programavim\u0105, bet ne\u017einantiems, nuo ko prad\u0117ti. Ji supaprastina sud\u0117tingas koncepcijas, tokias kaip kintamieji, duomen\u0173 tipai, ciklai ir funkcijos. Be teorijos, knyga pabr\u0117\u017eia praktin\u012f pritaikym\u0105, vesdama jus per projektus, susijusius su fail\u0173 manipuliavimu ir duomen\u0173 tvarkymu.<\/p>\n<p>Lietuvi\u0161ka e-knyga. Programavimo abc su Python arba programavimas lengvai, para\u0161yta eksperto, turin\u010dio ilgamet\u0119 patirt\u012f tiek mokant, tiek taikant Python, \u0161i knyga suteikia jums b\u016btinus \u012fg\u016bd\u017eius efektyviam duomen\u0173 valdymui ir analizei, sukurdama tvirt\u0105 pagrind\u0105 tolesniam mokymuisi ir karjeros tobul\u0117jimui.<\/p>\n<p>\u0160i knyga \u2013 tai ne tik programavimo mokymasis; tai dur\u0173 atv\u0117rimas \u012f ateit\u012f technologij\u0173 ir duomen\u0173 valdymo srityje. \u012evald\u0119 Python per \u0161\u012f prakti\u0161k\u0105 ir \u012ftraukiant\u012f vadov\u0105, j\u016bs atsidursite kelyje \u012f vien\u0105 svarbiausi\u0173 \u0161iandienos darbo rinkos \u012fg\u016bd\u017ei\u0173 \u012fvaldym\u0105.<\/p>\n<p>Atrakinkite savo programavimo potencial\u0105 su \u0161iuo esminiu Python vadovu jau \u0161iandien ir nukreipkite savo karjer\u0105 s\u0117km\u0117s link! Nepraleiskite \u0161ios unikalios galimyb\u0117s \u2013 \u012fsigykite knyg\u0105 dabar ir \u017eenkite pirm\u0105 \u017eingsn\u012f \u012f savo s\u0117kming\u0105 ateit\u012f technologij\u0173 pasaulyje!<\/p>\n<p>&nbsp;<\/p>","protected":false},"excerpt":{"rendered":"[caption id=\"attachment_292\" align=\"alignnone\" width=\"232\"]<img loading=\"lazy\" decoding=\"async\" class=\"size-medium wp-image-292\" src=\"http:\/\/pasidaryk-robota.lt\/wp-content\/uploads\/2024\/09\/Knygos_virselis-LT--232x300.jpg\" alt=\"\" width=\"232\" height=\"300\" srcset=\"https:\/\/pasidaryk-robota.lt\/wp-content\/uploads\/2024\/09\/Knygos_virselis-LT--232x300.jpg 232w, https:\/\/pasidaryk-robota.lt\/wp-content\/uploads\/2024\/09\/Knygos_virselis-LT--scaled-800x1035.jpg 800w, https:\/\/pasidaryk-robota.lt\/wp-content\/uploads\/2024\/09\/Knygos_virselis-LT--791x1024.jpg 791w, https:\/\/pasidaryk-robota.lt\/wp-content\/uploads\/2024\/09\/Knygos_virselis-LT--768x994.jpg 768w, https:\/\/pasidaryk-robota.lt\/wp-content\/uploads\/2024\/09\/Knygos_virselis-LT--1187x1536.jpg 1187w, https:\/\/pasidaryk-robota.lt\/wp-content\/uploads\/2024\/09\/Knygos_virselis-LT--1583x2048.jpg 1583w, https:\/\/pasidaryk-robota.lt\/wp-content\/uploads\/2024\/09\/Knygos_virselis-LT--scaled.jpg 1978w\" sizes=\"(max-width: 232px) 100vw, 232px\" \/> programavimo abc su python<br \/>arba<br \/>programavimas lengvai[\/caption]","protected":false},"featured_media":292,"comment_status":"closed","ping_status":"closed","template":"","meta":{"rank_math_lock_modified_date":false},"product_cat":[50],"product_tag":[],"class_list":{"0":"post-285","1":"product","2":"type-product","3":"status-publish","4":"has-post-thumbnail","6":"product_cat-e-knugos","8":"first","9":"instock","10":"sale","11":"virtual","12":"purchasable","13":"product-type-simple"},"_links":{"self":[{"href":"https:\/\/pasidaryk-robota.lt\/en\/wp-json\/wp\/v2\/product\/285"}],"collection":[{"href":"https:\/\/pasidaryk-robota.lt\/en\/wp-json\/wp\/v2\/product"}],"about":[{"href":"https:\/\/pasidaryk-robota.lt\/en\/wp-json\/wp\/v2\/types\/product"}],"replies":[{"embeddable":true,"href":"https:\/\/pasidaryk-robota.lt\/en\/wp-json\/wp\/v2\/comments?post=285"}],"wp:featuredmedia":[{"embeddable":true,"href":"https:\/\/pasidaryk-robota.lt\/en\/wp-json\/wp\/v2\/media\/292"}],"wp:attachment":[{"href":"https:\/\/pasidaryk-robota.lt\/en\/wp-json\/wp\/v2\/media?parent=285"}],"wp:term":[{"taxonomy":"product_cat","embeddable":true,"href":"https:\/\/pasidaryk-robota.lt\/en\/wp-json\/wp\/v2\/product_cat?post=285"},{"taxonomy":"product_tag","embeddable":true,"href":"https:\/\/pasidaryk-robota.lt\/en\/wp-json\/wp\/v2\/product_tag?post=285"}],"curies":[{"name":"wp","href":"https:\/\/api.w.org\/{rel}","templated":true}]}}