{"id":373,"date":"2024-10-11T12:53:40","date_gmt":"2024-10-11T12:53:40","guid":{"rendered":"https:\/\/pasidaryk-robota.lt\/?post_type=product&#038;p=373"},"modified":"2024-10-11T12:53:40","modified_gmt":"2024-10-11T12:53:40","slug":"robo-1-komplektas","status":"publish","type":"product","link":"https:\/\/pasidaryk-robota.lt\/en\/product\/robo-1-komplektas\/","title":{"rendered":"Robo 1 komplektas"},"content":{"rendered":"<p>&nbsp;<\/p>\n<p>Robotas kuris autonomi\u0161kai vengia kli\u0173\u010di\u0173.<\/p>\n<p>\u0160iam robotui reikalingos detal\u0117s pagal \u017eemiau pateikt\u0105 sara\u0161\u0105:<\/p>\n<p>&nbsp;<\/p>","protected":false},"excerpt":{"rendered":"<p>&nbsp; Robotas kuris autonomi\u0161kai vengia kli\u0173\u010di\u0173. \u0160iam robotui reikalingos detal\u0117s pagal \u017eemiau pateikt\u0105 sara\u0161\u0105: &nbsp;<\/p>","protected":false},"featured_media":0,"comment_status":"closed","ping_status":"closed","template":"","meta":{"rank_math_lock_modified_date":false},"product_cat":[15],"product_tag":[],"class_list":{"0":"post-373","1":"product","2":"type-product","3":"status-publish","5":"product_cat-uncategorized","7":"first","8":"instock","9":"shipping-taxable","10":"product-type-simple"},"_links":{"self":[{"href":"https:\/\/pasidaryk-robota.lt\/en\/wp-json\/wp\/v2\/product\/373"}],"collection":[{"href":"https:\/\/pasidaryk-robota.lt\/en\/wp-json\/wp\/v2\/product"}],"about":[{"href":"https:\/\/pasidaryk-robota.lt\/en\/wp-json\/wp\/v2\/types\/product"}],"replies":[{"embeddable":true,"href":"https:\/\/pasidaryk-robota.lt\/en\/wp-json\/wp\/v2\/comments?post=373"}],"wp:attachment":[{"href":"https:\/\/pasidaryk-robota.lt\/en\/wp-json\/wp\/v2\/media?parent=373"}],"wp:term":[{"taxonomy":"product_cat","embeddable":true,"href":"https:\/\/pasidaryk-robota.lt\/en\/wp-json\/wp\/v2\/product_cat?post=373"},{"taxonomy":"product_tag","embeddable":true,"href":"https:\/\/pasidaryk-robota.lt\/en\/wp-json\/wp\/v2\/product_tag?post=373"}],"curies":[{"name":"wp","href":"https:\/\/api.w.org\/{rel}","templated":true}]}}