{"id":583,"date":"2024-10-15T18:35:53","date_gmt":"2024-10-15T18:35:53","guid":{"rendered":"https:\/\/pasidaryk-robota.lt\/?post_type=product&#038;p=583"},"modified":"2024-10-16T07:38:07","modified_gmt":"2024-10-16T07:38:07","slug":"2aa-bateriju-deklas-su-jungtuku","status":"publish","type":"product","link":"https:\/\/pasidaryk-robota.lt\/en\/product\/2aa-bateriju-deklas-su-jungtuku\/","title":{"rendered":"Juodas 2AA Baterij\u0173 D\u0117klas su Jungikliu"},"content":{"rendered":"<h1>2AA Baterij\u0173 D\u0117klas su Jungtuku<\/h1>\n<p><strong>Apra\u0161ymas:<\/strong><\/p>\n<ul>\n<li>Nauja, nenaudota prek\u0117<\/li>\n<li>Auk\u0161ta kokyb\u0117<\/li>\n<li>Laikykite savo baterijas tvarkingai ir saugiai<\/li>\n<li>D\u0117klas gali talpinti 2 x AA tipo baterijas<\/li>\n<\/ul>\n<p><strong>Specifikacijos:<\/strong><\/p>\n<ul>\n<li>Spalva: Juoda<\/li>\n<li>Laikiklio dydis: 6,8 x 3,3 x 1,8 cm<\/li>\n<\/ul>\n<p><strong>Pakuot\u0117je:<\/strong><\/p>\n<ul>\n<li>1 vnt. 2AA Baterij\u0173 d\u0117klas<\/li>\n<\/ul>\n<p><strong>Panaudojimo atvejai:<\/strong><\/p>\n<ol>\n<li><strong>DIY Elektronikos ir Robotikos Projektai:<\/strong> Puikiai tinka \u012fvairiems elektronikos projektams, kur reikia patikimo energijos \u0161altinio.<\/li>\n<li><strong>\u017daisl\u0173 Remontas:<\/strong> Galite naudoti laikikl\u012f sen\u0173 \u017eaisl\u0173 su AA baterijomis remontui ar atnaujinimui.<\/li>\n<li><strong>Ap\u0161vietimo Sprendimai:<\/strong> Naudokite \u0161\u012f laikikl\u012f, kad sukurtum\u0117te ne\u0161iojam\u0105 ap\u0161vietimo sprendim\u0105 su LED lemput\u0117mis.<\/li>\n<li><strong>Mokomieji Robotikos\u00a0 Projektai:<\/strong> Idealus pasirinkimas mokslo projektams, kur studentai gali i\u0161mokti elektros grandini\u0173 k\u016brimo pagrindus.<\/li>\n<li><strong>Automatizuoti Priedai:<\/strong> Galite integruoti laikikl\u012f \u012f robot\u0173 ar kit\u0173 automatizuot\u0173 prietais\u0173 projektus.<\/li>\n<\/ol>\n<p>&nbsp;<\/p>\n<p><strong>Pastaba:<\/strong><\/p>\n<ol>\n<li>\u0160i parduotuv\u0117 prekiauja gaminiais, ta\u010diau technin\u0117 pagalba n\u0117ra teikiama. Jei turite tam tikr\u0105 elektronini\u0173 technologij\u0173 \u017eini\u0173 pagrind\u0105, galite dr\u0105siai pirkti.<\/li>\n<li>Galima 1-3 mm\u00a0 i\u0161matavimo paklaida. D\u0117l skirtingo ap\u0161vietimo,ar skirtingo gamintojo, bei skirtingo \u0161viesos da\u017enio, nuotrauka gali\u00a0 nesutapti su prek\u0117s spalvos. A\u010di\u016b u\u017e supratim\u0105.<\/li>\n<\/ol>","protected":false},"excerpt":{"rendered":"<p>2AA Baterij\u0173 D\u0117klas su Jungtuku Apra\u0161ymas: Nauja, nenaudota prek\u0117 Auk\u0161ta kokyb\u0117 Laikykite savo baterijas tvarkingai ir saugiai D\u0117klas gali talpinti 2 x AA tipo baterijas Specifikacijos: Spalva: Juoda Laikiklio dydis: [&hellip;]<\/p>","protected":false},"featured_media":586,"comment_status":"closed","ping_status":"closed","template":"","meta":{"rank_math_lock_modified_date":false},"product_cat":[49,51,50],"product_tag":[52],"class_list":{"0":"post-583","1":"product","2":"type-product","3":"status-publish","4":"has-post-thumbnail","6":"product_cat-robotika","7":"product_cat-digital-items","8":"product_cat-e-knugos","9":"product_tag-robotika","11":"first","12":"instock","13":"sale","14":"shipping-taxable","15":"purchasable","16":"product-type-simple"},"_links":{"self":[{"href":"https:\/\/pasidaryk-robota.lt\/en\/wp-json\/wp\/v2\/product\/583"}],"collection":[{"href":"https:\/\/pasidaryk-robota.lt\/en\/wp-json\/wp\/v2\/product"}],"about":[{"href":"https:\/\/pasidaryk-robota.lt\/en\/wp-json\/wp\/v2\/types\/product"}],"replies":[{"embeddable":true,"href":"https:\/\/pasidaryk-robota.lt\/en\/wp-json\/wp\/v2\/comments?post=583"}],"wp:featuredmedia":[{"embeddable":true,"href":"https:\/\/pasidaryk-robota.lt\/en\/wp-json\/wp\/v2\/media\/586"}],"wp:attachment":[{"href":"https:\/\/pasidaryk-robota.lt\/en\/wp-json\/wp\/v2\/media?parent=583"}],"wp:term":[{"taxonomy":"product_cat","embeddable":true,"href":"https:\/\/pasidaryk-robota.lt\/en\/wp-json\/wp\/v2\/product_cat?post=583"},{"taxonomy":"product_tag","embeddable":true,"href":"https:\/\/pasidaryk-robota.lt\/en\/wp-json\/wp\/v2\/product_tag?post=583"}],"curies":[{"name":"wp","href":"https:\/\/api.w.org\/{rel}","templated":true}]}}