{"id":587,"date":"2024-10-15T19:39:11","date_gmt":"2024-10-15T19:39:11","guid":{"rendered":"https:\/\/pasidaryk-robota.lt\/?post_type=product&#038;p=587"},"modified":"2024-10-16T07:36:48","modified_gmt":"2024-10-16T07:36:48","slug":"objekto-aptikimo-jutiklis-modulis","status":"publish","type":"product","link":"https:\/\/pasidaryk-robota.lt\/en\/product\/objekto-aptikimo-jutiklis-modulis\/","title":{"rendered":"Fotoelektrinis  3pin IR Infraraudon\u0173j\u0173 Spinduli\u0173 Objekto aptikimo Jutiklis Modulis"},"content":{"rendered":"<h1>Fotoelektrinis Atspind\u017eio 3pin IR Infraraudon\u0173j\u0173 Spinduli\u0173 Objekto Aptikimo Jutiklis Modulis<\/h1>\n<ul>\n<li><strong>Apra\u0161ymas:<\/strong> \u0160is Fotoelektrinis 3-pin IR infraraudon\u0173j\u0173 spinduli\u0173 objekto aptikimo jutiklis modulis yra puikus pasirinkimas Arduino ar Micro: bit projektams. Jutiklis turi por\u0105 infraraudon\u0173j\u0173 spinduli\u0173 si\u0173stuv\u0173 ir imtuv\u0173. Infraraudon\u0173j\u0173 spinduli\u0173 LED siun\u010dia infraraudon\u0173j\u0173 spinduli\u0173 signalus tam tikru da\u017eniu. Kai pasirodo kli\u016btis, \u0161is signalas atsispindi nuo kli\u016bties. Jutiklis, aptik\u0119s kli\u016bt\u012f, \u012fjungia LED indikatori\u0173 ir suteikia \u017eemos \u012ftampos signal\u0105 OUT pin. Jutiklis gali aptikti atstum\u0105 nuo 2 iki 30 cm. Be to, jutiklis turi potenciometr\u0105, kur\u012f galima reguliuoti, kad b\u016bt\u0173 pakeista aptikimo atstumas.<strong>Specifikacijos:<\/strong>\n<ul>\n<li><strong>I\u0161\u0117jimo signalas:<\/strong> \u0160varus bangos formos signalas daugiau nei 15 mA.<\/li>\n<li><strong>Reguliavimas:<\/strong> \u012erengtas precizinis potenciometras, skirtas jutiklio jautrumui reguliuoti.<\/li>\n<li><strong>Darbin\u0117 \u012ftampa:<\/strong> 3.3V-5V.<\/li>\n<li><strong>Kampas:<\/strong> 35 laipsniai.<\/li>\n<li><strong>Energijos LED:<\/strong> Ap\u0161vie\u010dia, kai \u012fjungta energija.<\/li>\n<li><strong>Kli\u016bties LED:<\/strong> Ap\u0161vie\u010dia, kai aptinkama kli\u016btis.<\/li>\n<li><strong>Atstumo reguliavimas:<\/strong> Reguliuokite aptikimo atstum\u0105. Prie\u0161 laikrod\u017eio rodykl\u0119 (CCW) suma\u017eina atstum\u0105, laikrod\u017eio rodykl\u0117s kryptimi (CW) padidina atstum\u0105.<\/li>\n<li><strong>I\u0161\u0117jimas:<\/strong> DO skaitmeninio jungimo i\u0161\u0117jimai (0 ir 1) ir AO analogin\u0117s \u012ftampos i\u0161\u0117jimas.<\/li>\n<li><strong>Tvirtinimo skyl\u0117s:<\/strong> Yra fiksuotos tvirtinimo skyl\u0117s, kad b\u016bt\u0173 lengva \u012fdiegti.<\/li>\n<li><strong>Skyl\u0117s dydis:<\/strong> 3 mm, lengva fiksuoti.<\/li>\n<li><strong>\u017dingsnis:<\/strong> 2.54 mm.<\/li>\n<li><strong>Dydis:<\/strong> 3.2 cm x 1.4 cm.<\/li>\n<\/ul>\n<p><strong>Techniniai duomenys:<\/strong><\/p>\n<ul>\n<li><strong>VCC:<\/strong> I\u0161orinis 3.3V-5V \u012ftampa (gali b\u016bti tiesiogiai prijungtas prie 5V MCU ir 3.3V MCU).<\/li>\n<li><strong>GND:<\/strong> I\u0161orinis GND.<\/li>\n<li><strong>OUT:<\/strong> Ma\u017eo modulio skaitmeninio i\u0161vesties s\u0105sajos (0 ir 1).<\/li>\n<\/ul>\n<p><strong>Panaudojimo atvejai:<\/strong><\/p>\n<ol>\n<li><strong>Roboti\u0161ki Automobiliai:<\/strong> Objekto aptikimo jutiklis modulis puikiai tinka automatizuot\u0173 transporto priemoni\u0173 projektams, u\u017etikrinant, kad robotas gal\u0117t\u0173 i\u0161vengti kli\u016b\u010di\u0173.<\/li>\n<li><strong>Mokomieji Projektai:<\/strong> Idealus pasirinkimas studentams, kurie nori sukurti interaktyvius robotus arba dalyvauti STEM projektuose.<\/li>\n<li><strong>Nam\u0173 Automatikos Sprendimai:<\/strong> Galite naudoti \u0161iuos objekto aptikimo jutiklius moduius, kad sukurtum\u0117te protingus nam\u0173 sprendimus, pvz., automatin\u0119 dur\u0173 atidarymo sistem\u0105, kuri reaguoja \u012f kli\u016btis.<\/li>\n<li><strong>\u017daisl\u0173 Konstravimas:<\/strong> Naudokite jutiklius kuriant \u017eaislus, kurie gali jud\u0117ti ir reaguoti \u012f aplink\u0105, pavyzd\u017eiui, robotus ar interaktyvius modelius.<\/li>\n<li><strong>Saugumo Sistemose:<\/strong> Integruokite jutiklius \u012f saugumo sistemas, kad b\u016bt\u0173 galima aptikti jud\u0117jim\u0105 arba kli\u016btis tam tikrose zonose.<\/li>\n<\/ol>\n<p>&nbsp;<\/li>\n<li><strong>Pastaba:<\/strong>\n<ol>\n<li>\u0160i parduotuv\u0117 prekiauja gaminiais, ta\u010diau technin\u0117 pagalba n\u0117ra teikiama. Jei turite tam tikr\u0105 elektronini\u0173 technologij\u0173 \u017eini\u0173 pagrind\u0105, galite dr\u0105siai pirkti.<\/li>\n<li>Galima 1-3 mm\u00a0 i\u0161matavimo paklaida. D\u0117l skirtingo ap\u0161vietimo,ar skirtingo gamintojo, bei skirtingo \u0161viesos da\u017enio, nuotrauka gali\u00a0 nesutapti su prek\u0117s spalvos. A\u010di\u016b u\u017e supratim\u0105.<\/li>\n<\/ol>\n<\/li>\n<li><strong>Pastaba:<\/strong>\n<ul>\n<li><strong>Gamintojo rekomendacija:<\/strong> Venkite auk\u0161tos temperat\u016bros poveikio.<\/li>\n<\/ul>\n<\/li>\n<\/ul>","protected":false},"excerpt":{"rendered":"<p>Fotoelektrinis Atspind\u017eio 3pin IR Infraraudon\u0173j\u0173 Spinduli\u0173 Objekto Aptikimo Jutiklis Modulis Apra\u0161ymas: \u0160is Fotoelektrinis 3-pin IR infraraudon\u0173j\u0173 spinduli\u0173 objekto aptikimo jutiklis modulis yra puikus pasirinkimas Arduino ar Micro: bit projektams. Jutiklis [&hellip;]<\/p>","protected":false},"featured_media":589,"comment_status":"closed","ping_status":"closed","template":"","meta":{"rank_math_lock_modified_date":false},"product_cat":[49],"product_tag":[],"class_list":{"0":"post-587","1":"product","2":"type-product","3":"status-publish","4":"has-post-thumbnail","6":"product_cat-robotika","8":"first","9":"instock","10":"sale","11":"shipping-taxable","12":"purchasable","13":"product-type-simple"},"_links":{"self":[{"href":"https:\/\/pasidaryk-robota.lt\/en\/wp-json\/wp\/v2\/product\/587"}],"collection":[{"href":"https:\/\/pasidaryk-robota.lt\/en\/wp-json\/wp\/v2\/product"}],"about":[{"href":"https:\/\/pasidaryk-robota.lt\/en\/wp-json\/wp\/v2\/types\/product"}],"replies":[{"embeddable":true,"href":"https:\/\/pasidaryk-robota.lt\/en\/wp-json\/wp\/v2\/comments?post=587"}],"wp:featuredmedia":[{"embeddable":true,"href":"https:\/\/pasidaryk-robota.lt\/en\/wp-json\/wp\/v2\/media\/589"}],"wp:attachment":[{"href":"https:\/\/pasidaryk-robota.lt\/en\/wp-json\/wp\/v2\/media?parent=587"}],"wp:term":[{"taxonomy":"product_cat","embeddable":true,"href":"https:\/\/pasidaryk-robota.lt\/en\/wp-json\/wp\/v2\/product_cat?post=587"},{"taxonomy":"product_tag","embeddable":true,"href":"https:\/\/pasidaryk-robota.lt\/en\/wp-json\/wp\/v2\/product_tag?post=587"}],"curies":[{"name":"wp","href":"https:\/\/api.w.org\/{rel}","templated":true}]}}