{"id":595,"date":"2024-10-16T07:24:40","date_gmt":"2024-10-16T07:24:40","guid":{"rendered":"https:\/\/pasidaryk-robota.lt\/?post_type=product&#038;p=595"},"modified":"2024-10-16T09:07:21","modified_gmt":"2024-10-16T09:07:21","slug":"micro-servo-variklis-pavara-sg90","status":"publish","type":"product","link":"https:\/\/pasidaryk-robota.lt\/en\/product\/micro-servo-variklis-pavara-sg90\/","title":{"rendered":"Micro Servo  variklis pavara SG90 (0:360 laipsni\u0173)"},"content":{"rendered":"<h1>Variklis pavara SG90<\/h1>\n<p><strong>Micro Servo variklis pavara SG90 <\/strong>\u00a0\u2013 tai ma\u017eas ir lengvas servomotoras, kuris sukasi nuolat 360\u00b0 kampu. Skirtingai nei standartiniai servomotorai, kurie juda \u012f tam tikras kampines pozicijas, \u0161is sukasi visi\u0161kai \u012f priek\u012f arba atgal, tod\u0117l yra puikus pasirinkimas paprastiems judantiems robotams.<\/p>\n<h3>Pagrindin\u0117s\u00a0 variklio pavaros SG90 savyb\u0117s :<\/h3>\n<ul>\n<li><strong>Nuolatinis sukimasis<\/strong>: Gali suktis \u012f priek\u012f arba atgal neribot\u0105 laik\u0105, o ne tik \u012f konkre\u010dias pad\u0117tis.<\/li>\n<li><strong>Valdymas<\/strong>: Veikia su standartiniu servo valdymo kodu, aparatine \u012franga ar bibliotekomis, tod\u0117l yra suderinamas su populiariais mikrovaldikliais, pvz., ESP32, Arduino ar Raspberry Pi.<\/li>\n<li><strong>Grei\u010dio reguliavimas<\/strong>: Nuo 0,12 sek.\/60\u00b0 (esant 4.8V) iki 0,1 sek.\/60\u00b0 (esant 6.0V).<\/li>\n<li><strong>Sukimo momentas<\/strong>: Gali pakelti apkrovas iki 1,8 kg\/cm, kai veikia esant 4.8V \u012ftampai.<\/li>\n<li><strong>Lengvas<\/strong>: Sveria tik 9 gramus, jo kompakti\u0161ki matmenys (22 x 12 x 27 mm) puikiai tinka ma\u017eiems projektams.<\/li>\n<\/ul>\n<h3>Technin\u0117s specifikacijos:<\/h3>\n<ul>\n<li><strong>Darbin\u0117 \u012ftampa<\/strong>: 4.8V &#8211; 6.0V<\/li>\n<li><strong>Darbinis greitis<\/strong>:\n<ul>\n<li>0.12 sek.\/60\u00b0 esant 4.8V<\/li>\n<li>0.1 sek.\/60\u00b0 esant 6.0V<\/li>\n<\/ul>\n<\/li>\n<li><strong>Sukimo momentas<\/strong>: 1.8 kg\/cm esant 4.8V<\/li>\n<li><strong>Judesio diapazonas<\/strong>: 360\u00b0 nuolatin\u0117 rotacija<\/li>\n<li><strong>&#8222;Dead band&#8221; plotis<\/strong>: 5 mikrosekund\u0117s<\/li>\n<li><strong>Temperat\u016bros diapazonas<\/strong>: nuo -30\u00b0C iki 60\u00b0C<\/li>\n<li><strong>Laido ilgis<\/strong>: 25 cm<\/li>\n<li><strong>Kontakt\u0173 i\u0161d\u0117stymas<\/strong>:\n<ul>\n<li>Raudona: Maitinimas (+)<\/li>\n<li>Ruda: \u017dem\u0117 (-)<\/li>\n<li>Geltona: Signalas<\/li>\n<\/ul>\n<\/li>\n<\/ul>\n<h3>Pritaikymas:<\/h3>\n<ul>\n<li>Paprasti judantys robotai<\/li>\n<li>Rat\u0173 robotai (naudojami kaip varikliai ratams sukti)<\/li>\n<li>Jud\u0117jimo u\u017eduotys, reikalaujan\u010dios nuolatinio sukimo<\/li>\n<li>&#8222;Pasidaryk pats&#8221; (DIY) elektronikos ir robotikos projektai<\/li>\n<\/ul>\n<p>\u0160is servomotoras komplektuojamas su trimis skirtingais \u201erageliais\u201c (svirtel\u0117mis), tod\u0117l j\u012f galima lengvai pritaikyti \u012fvairiems naudojimo atvejams.<\/p>\n<p>&nbsp;<\/p>\n<ul>\n<li><strong>Pastaba:<\/strong>\n<ol>\n<li>\u0160i parduotuv\u0117 prekiauja gaminiais, ta\u010diau technin\u0117 pagalba n\u0117ra teikiama. Jei turite tam tikr\u0105 elektronini\u0173 technologij\u0173 \u017eini\u0173 pagrind\u0105, galite dr\u0105siai pirkti.<\/li>\n<li>Galima 1-3 mm\u00a0 i\u0161matavimo paklaida. D\u0117l skirtingo ap\u0161vietimo,ar skirtingo gamintojo, bei skirtingo \u0161viesos da\u017enio, nuotrauka gali\u00a0 nesutapti su prek\u0117s spalvos. A\u010di\u016b u\u017e supratim\u0105.<\/li>\n<\/ol>\n<\/li>\n<\/ul>","protected":false},"excerpt":{"rendered":"<p>Variklis pavara SG90 Micro Servo variklis pavara SG90 \u00a0\u2013 tai ma\u017eas ir lengvas servomotoras, kuris sukasi nuolat 360\u00b0 kampu. Skirtingai nei standartiniai servomotorai, kurie juda \u012f tam tikras kampines pozicijas, [&hellip;]<\/p>","protected":false},"featured_media":596,"comment_status":"closed","ping_status":"closed","template":"","meta":{"rank_math_lock_modified_date":false},"product_cat":[49],"product_tag":[],"class_list":{"0":"post-595","1":"product","2":"type-product","3":"status-publish","4":"has-post-thumbnail","6":"product_cat-robotika","8":"first","9":"instock","10":"sale","11":"shipping-taxable","12":"purchasable","13":"product-type-simple"},"_links":{"self":[{"href":"https:\/\/pasidaryk-robota.lt\/en\/wp-json\/wp\/v2\/product\/595"}],"collection":[{"href":"https:\/\/pasidaryk-robota.lt\/en\/wp-json\/wp\/v2\/product"}],"about":[{"href":"https:\/\/pasidaryk-robota.lt\/en\/wp-json\/wp\/v2\/types\/product"}],"replies":[{"embeddable":true,"href":"https:\/\/pasidaryk-robota.lt\/en\/wp-json\/wp\/v2\/comments?post=595"}],"wp:featuredmedia":[{"embeddable":true,"href":"https:\/\/pasidaryk-robota.lt\/en\/wp-json\/wp\/v2\/media\/596"}],"wp:attachment":[{"href":"https:\/\/pasidaryk-robota.lt\/en\/wp-json\/wp\/v2\/media?parent=595"}],"wp:term":[{"taxonomy":"product_cat","embeddable":true,"href":"https:\/\/pasidaryk-robota.lt\/en\/wp-json\/wp\/v2\/product_cat?post=595"},{"taxonomy":"product_tag","embeddable":true,"href":"https:\/\/pasidaryk-robota.lt\/en\/wp-json\/wp\/v2\/product_tag?post=595"}],"curies":[{"name":"wp","href":"https:\/\/api.w.org\/{rel}","templated":true}]}}