{"id":600,"date":"2024-10-16T08:31:42","date_gmt":"2024-10-16T08:31:42","guid":{"rendered":"https:\/\/pasidaryk-robota.lt\/?post_type=product&#038;p=600"},"modified":"2024-10-16T18:46:58","modified_gmt":"2024-10-16T18:46:58","slug":"l298-varikliu-valdymo-modulis","status":"publish","type":"product","link":"https:\/\/pasidaryk-robota.lt\/en\/product\/l298-varikliu-valdymo-modulis\/","title":{"rendered":"L298 Varikli\u0173 Valdymo Modulis"},"content":{"rendered":"<h1>L298 Varikli\u0173 Valdymo Modulis<\/h1>\n<p><strong>Apra\u0161ymas:<\/strong> L298 varikli\u0173 valdymo Modulis\u00a0 su populiariu <strong>L298N<\/strong>\u00a0 valdikliu leid\u017eia valdyti dviej\u0173 nuolatin\u0117s srov\u0117s (DC) varikli\u0173 krypt\u012f ir greit\u012f. D\u0117l var\u017etini\u0173 jung\u010di\u0173 ARK, maitinim\u0105 ir variklius galima lengvai prijungti, priver\u017eiant laidus su atsuktuvu. Valdymo signalai i\u0161vesti \u012f populiarias auksines \u201epin\u201c jungtis, leid\u017eian\u010dias sistem\u0105 sujungti su mikrovaldikliais, pvz., \u201eArduino\u201c, naudojant laidus.<\/p>\n<p><strong>Jungtys:<\/strong><\/p>\n<ul>\n<li><strong>+12V<\/strong> \u2013 Variklio maitinimo \u012ftampa.<\/li>\n<li><strong>+5V<\/strong> \u2013 Login\u0117s dalies maitinimas su reguliatoriumi (aktyvus po to, kai pa\u0161alinsite 5V d\u017eemper\u012f).<\/li>\n<li><strong>GND<\/strong> \u2013 Sistemos \u017eem\u0117.<\/li>\n<li><strong>OUT1, OUT2<\/strong> \u2013 A kanalo variklio i\u0161vestys.<\/li>\n<li><strong>OUT3, OUT4<\/strong> \u2013 B kanalo variklio i\u0161vestys.<\/li>\n<li><strong>ENA<\/strong> \u2013 PWM signalas variklio A sukimosi grei\u010diui valdyti. Pagal numatym\u0105, prijungtas prie 5V per d\u017eemper\u012f, kas rei\u0161kia, kad variklis veikia maksimaliu grei\u010diu.<\/li>\n<li><strong>IN1, IN2<\/strong> \u2013 A kanalo krypties valdymas.<\/li>\n<li><strong>ENB<\/strong> \u2013 PWM signalas variklio B sukimosi grei\u010diui valdyti. Pagal numatym\u0105, prijungtas prie 5V per d\u017eemper\u012f, kas rei\u0161kia, kad variklis veikia maksimaliu grei\u010diu.<\/li>\n<li><strong>IN3, IN4<\/strong> \u2013 B kanalo krypties valdymas.<\/li>\n<\/ul>\n<p><strong>L298\u00a0 Variklio Valdymo modulio\u00a0 Tiesos Lentel\u0117:<\/strong><\/p>\n<table>\n<thead>\n<tr>\n<th><strong>IN1 \/ IN3<\/strong><\/th>\n<th><strong>IN2 \/ IN4<\/strong><\/th>\n<th><strong>Variklio i\u0161vestys<\/strong><\/th>\n<\/tr>\n<\/thead>\n<tbody>\n<tr>\n<td>auk\u0161ta b\u016bsena<\/td>\n<td>\u017eema b\u016bsena<\/td>\n<td>Variklis sukasi pagal laikrod\u017eio rodykl\u0119 su maksimaliu grei\u010diu (jei PWM \u2260 0).<\/td>\n<\/tr>\n<tr>\n<td>\u017eema b\u016bsena<\/td>\n<td>auk\u0161ta b\u016bsena<\/td>\n<td>Variklis sukasi prie\u0161 laikrod\u017eio rodykl\u0119 su maksimaliu grei\u010diu (jei PWM \u2260 0).<\/td>\n<\/tr>\n<tr>\n<td>\u017eema b\u016bsena<\/td>\n<td>\u017eema b\u016bsena<\/td>\n<td>Greitas variklio stabdymas, jei PWM = 1 (staigus stabdymas).<\/td>\n<\/tr>\n<tr>\n<td>auk\u0161ta b\u016bsena<\/td>\n<td>auk\u0161ta b\u016bsena<\/td>\n<td>Greitas variklio stabdymas, jei PWM = 1 (staigus stabdymas).<\/td>\n<\/tr>\n<tr>\n<td>auk\u0161ta b\u016bsena<\/td>\n<td>auk\u0161ta b\u016bsena<\/td>\n<td>Laisvas stabdymas, jei PWM = 0 (\u0161velnus stabdymas).<\/td>\n<\/tr>\n<\/tbody>\n<\/table>\n<p><strong>L298 Varikli\u0173 Valdymo Modulio Specifikacija:<\/strong><\/p>\n<ul>\n<li>Maitinimo \u012ftampa: 12V<\/li>\n<li>Login\u0117s dalies maitinimo \u012ftampa: 5V<\/li>\n<li>Integruotas 5V \u012ftampos reguliatorius loginei daliai maitinti (galima atjungti per d\u017eemper\u012f)<\/li>\n<li>Maksimali i\u0161vesties srov\u0117: 2A vienam kanalui<\/li>\n<li>Modulis gali valdyti du nuolatin\u0117s srov\u0117s variklius arba vien\u0105 \u017eingsnin\u012f varikl\u012f<\/li>\n<li>Varikli\u0173 i\u0161vestys ir maitinimo \u012fvestys sujungtos per ARK var\u017etines jungtis<\/li>\n<li>Login\u0117s dalies \u012f\u0117jimo kontaktai i\u0161vesti \u012f auksines \u201epin\u201c jungtis (\u017eingsnis: 2.54 mm)<\/li>\n<li>Plok\u0161t\u0117je yra visi b\u016btini pasyv\u016bs komponentai valdiklio tinkamam veikimui<\/li>\n<li>Sistemoje sumontuotas radiatorius \u0161ilumos i\u0161sklaidymui<\/li>\n<li>Plok\u0161t\u0117s matmenys: 43.5 x 43.5 x 26 mm<\/li>\n<\/ul>\n<p>\u0160is L298 varikli\u0173 valdymo Modulis puikiai tinka robotikos projektams ir varikli\u0173 valdymui naudojant \u201eArduino\u201c ar kitus mikrovaldiklius.<\/p>\n<ul>\n<li><strong>Pastaba:<\/strong>\n<ol>\n<li>\u0160i parduotuv\u0117 prekiauja gaminiais, ta\u010diau technin\u0117 pagalba n\u0117ra teikiama. Jei turite tam tikr\u0105 elektronini\u0173 technologij\u0173 \u017eini\u0173 pagrind\u0105, galite dr\u0105siai pirkti.<\/li>\n<li>Galima 1-3 mm\u00a0 i\u0161matavimo paklaida. D\u0117l skirtingo ap\u0161vietimo,ar skirtingo gamintojo, bei skirtingo \u0161viesos da\u017enio, nuotrauka gali\u00a0 nesutapti su prek\u0117s spalvos. A\u010di\u016b u\u017e supratim\u0105.<\/li>\n<\/ol>\n<\/li>\n<\/ul>","protected":false},"excerpt":{"rendered":"<p>L298 Varikli\u0173 Valdymo Modulis Apra\u0161ymas: L298 varikli\u0173 valdymo Modulis\u00a0 su populiariu L298N\u00a0 valdikliu leid\u017eia valdyti dviej\u0173 nuolatin\u0117s srov\u0117s (DC) varikli\u0173 krypt\u012f ir greit\u012f. D\u0117l var\u017etini\u0173 jung\u010di\u0173 ARK, maitinim\u0105 ir variklius [&hellip;]<\/p>","protected":false},"featured_media":601,"comment_status":"open","ping_status":"closed","template":"","meta":{"rank_math_lock_modified_date":false},"product_cat":[15],"product_tag":[],"class_list":{"0":"post-600","1":"product","2":"type-product","3":"status-publish","4":"has-post-thumbnail","6":"product_cat-uncategorized","8":"first","9":"instock","10":"sale","11":"shipping-taxable","12":"purchasable","13":"product-type-simple"},"_links":{"self":[{"href":"https:\/\/pasidaryk-robota.lt\/en\/wp-json\/wp\/v2\/product\/600"}],"collection":[{"href":"https:\/\/pasidaryk-robota.lt\/en\/wp-json\/wp\/v2\/product"}],"about":[{"href":"https:\/\/pasidaryk-robota.lt\/en\/wp-json\/wp\/v2\/types\/product"}],"replies":[{"embeddable":true,"href":"https:\/\/pasidaryk-robota.lt\/en\/wp-json\/wp\/v2\/comments?post=600"}],"wp:featuredmedia":[{"embeddable":true,"href":"https:\/\/pasidaryk-robota.lt\/en\/wp-json\/wp\/v2\/media\/601"}],"wp:attachment":[{"href":"https:\/\/pasidaryk-robota.lt\/en\/wp-json\/wp\/v2\/media?parent=600"}],"wp:term":[{"taxonomy":"product_cat","embeddable":true,"href":"https:\/\/pasidaryk-robota.lt\/en\/wp-json\/wp\/v2\/product_cat?post=600"},{"taxonomy":"product_tag","embeddable":true,"href":"https:\/\/pasidaryk-robota.lt\/en\/wp-json\/wp\/v2\/product_tag?post=600"}],"curies":[{"name":"wp","href":"https:\/\/api.w.org\/{rel}","templated":true}]}}