{"id":603,"date":"2024-10-16T08:59:58","date_gmt":"2024-10-16T08:59:58","guid":{"rendered":"https:\/\/pasidaryk-robota.lt\/?post_type=product&#038;p=603"},"modified":"2024-10-16T18:47:17","modified_gmt":"2024-10-16T18:47:17","slug":"dc-variklis-dvigubo-veleno-su-pavaru","status":"publish","type":"product","link":"https:\/\/pasidaryk-robota.lt\/en\/product\/dc-variklis-dvigubo-veleno-su-pavaru\/","title":{"rendered":"DC elektrinis variklis dvigubo veleno su pavar\u0173 d\u0117\u017ee"},"content":{"rendered":"<div class=\"flex-shrink-0 flex flex-col relative items-end\">\n<div>\n<div class=\"pt-0\">\n<div class=\"gizmo-bot-avatar flex h-8 w-8 items-center justify-center overflow-hidden rounded-full\">\n<h1 class=\"relative p-1 rounded-sm flex items-center justify-center bg-token-main-surface-primary text-token-text-primary h-8 w-8\">DC elektrinis variklis dvigubo veleno su pavar\u0173 d\u0117\u017ee<\/h1>\n<\/div>\n<\/div>\n<\/div>\n<\/div>\n<div class=\"group\/conversation-turn relative flex w-full min-w-0 flex-col agent-turn\">\n<div class=\"flex-col gap-1 md:gap-3\">\n<div class=\"flex max-w-full flex-col flex-grow\">\n<div class=\"min-h-8 text-message flex w-full flex-col items-end gap-2 whitespace-normal break-words [.text-message+&amp;]:mt-5\" dir=\"auto\" data-message-author-role=\"assistant\" data-message-id=\"eeee547c-ac58-4491-99cd-fdb137a40022\" data-message-model-slug=\"gpt-4o\">\n<div class=\"flex w-full flex-col gap-1 empty:hidden first:pt-[3px]\">\n<div class=\"markdown prose w-full break-words dark:prose-invert light\">\n<p>&nbsp;<\/p>\n<p><strong>DC elektrinis variklis 3-6V dvigubo veleno su pavar\u0173 d\u0117\u017ee TT ir 65 mm plastikiniais ratais, skirtas i\u0161maniosioms RC automobilio robot\u0173 konstrukcijoms<\/strong><\/p>\n<p><strong>Apra\u0161ymas:<\/strong> \u0160is variklis dvigubo veleno TT tipo nuolatin\u0117s srov\u0117s (DC) elektrinis variklis su 1:48 pavar\u0173 santykiu turi dvigubus velenus ir yra komplektuojamas su 2 x 200 mm laidais, turin\u010diais patogius 2,54 mm (0,1&#8243;) vyrinius jungiklius, kurie yra pritaikyti prijungimui prie breadboard plok\u0161\u010di\u0173 ar terminal\u0173. Pridedami 65 mm plastikiniai ratai, tod\u0117l \u0161is variklis puikiai tinka RC automobili\u0173 konstrukcijoms ir kitiems elektronikos projektams.<\/p>\n<p><strong>Padangos matmenys:<\/strong><\/p>\n<ul>\n<li>I\u0161orinis skersmuo: 65 mm<\/li>\n<li>Plotis: 27 mm<\/li>\n<\/ul>\n<p><strong>Maksimalus\u00a0 DC variklio dvigubo veleno sukimo momentas:<\/strong> 800 kg.cm. Taip pat suderinamas su varikliais, kuri\u0173 pavar\u0173 santykis yra 1:120.<\/p>\n<p><strong>Pritaikymas:<\/strong><br \/>\nIdealiai tinka kuriant nuotoliniu b\u016bdu valdomus (RC) automobilius ar kitus elektronikos projektus.<\/p>\n<p><strong>Variklio dvigubo veleno savyb\u0117s:<\/strong><\/p>\n<ul>\n<li><strong>Pavar\u0173 santykis:<\/strong> 1:48<\/li>\n<li><strong>Nominali \u012ftampa:<\/strong> 3-6 V<\/li>\n<li><strong>Be apkrovos srov\u0117:<\/strong> 150 mA \u00b1 10%<\/li>\n<li><strong>Min. darbinis greitis (3 V):<\/strong> 90 aps\/min \u00b1 10%<\/li>\n<li><strong>Min. darbinis greitis (6 V):<\/strong> 200 aps\/min \u00b1 10%<\/li>\n<li><strong>Sukimo momentas:<\/strong> 0.15 Nm &#8211; 0.60 Nm<\/li>\n<li><strong>Sustabdymo sukimo momentas (6 V):<\/strong> 0.8 kg.cm<\/li>\n<li><strong>Korpuso med\u017eiaga:<\/strong> Plastikas<\/li>\n<li><strong>Variklio korpuso matmenys:<\/strong> 70 x 22 x 18 mm<\/li>\n<li><strong>Laido ilgis:<\/strong> 200 mm (28 AWG)<\/li>\n<li><strong>Produkto svoris:<\/strong> 29 g<\/li>\n<li><strong>Triuk\u0161mo lygis:<\/strong> &lt;65 dB<\/li>\n<\/ul>\n<p><strong>Rato savyb\u0117s:<\/strong><\/p>\n<ul>\n<li><strong>Centro skyl\u0117s dydis:<\/strong> 5,3 mm x 3,66 mm<\/li>\n<li><strong>Rato skersmuo:<\/strong> 65 mm<\/li>\n<li><strong>Rato storis:<\/strong> 28 mm<\/li>\n<\/ul>\n<div class=\"flex-shrink-0 flex flex-col relative items-end\">\n<div>\n<div class=\"pt-0\">\n<div class=\"gizmo-bot-avatar flex h-8 w-8 items-center justify-center overflow-hidden rounded-full\">\n<div class=\"relative p-1 rounded-sm flex items-center justify-center bg-token-main-surface-primary text-token-text-primary h-8 w-8\"><\/div>\n<\/div>\n<\/div>\n<\/div>\n<\/div>\n<div class=\"group\/conversation-turn relative flex w-full min-w-0 flex-col agent-turn\">\n<div class=\"flex-col gap-1 md:gap-3\">\n<div class=\"flex max-w-full flex-col flex-grow\">\n<div class=\"min-h-8 text-message flex w-full flex-col items-end gap-2 whitespace-normal break-words [.text-message+&amp;]:mt-5\" dir=\"auto\" data-message-author-role=\"assistant\" data-message-id=\"0af543e5-176c-420d-86b7-5dd93f2e17d2\" data-message-model-slug=\"gpt-4o\">\n<div class=\"flex w-full flex-col gap-1 empty:hidden first:pt-[3px]\">\n<div class=\"markdown prose w-full break-words dark:prose-invert light\">\n<p><strong>Pritaikymas:<\/strong> \u0160is variklis dvigubo veleno su pavar\u0173 d\u0117\u017ee ir ratais puikiai tinka kuriant \u012fvairius \u201epasidaryk pats\u201c (DIY) robotikos ir elektronikos projektus, tokius kaip nuotoliniu b\u016bdu valdomi (RC) automobiliai, robotai, keturra\u010diai, dronai ir kitos elektrin\u0117s \u017eaisl\u0173 konstrukcijos. D\u0117l paprasto prijungimo prie \u201ebreadboard\u201c ar terminal\u0173 blok\u0173, variklis lengvai integruojamas \u012f prototipus ir automatizuotas sistemas.<\/p>\n<\/div>\n<\/div>\n<\/div>\n<\/div>\n<\/div>\n<\/div>\n<p><strong>Komplektacija:<\/strong><\/p>\n<ul>\n<li>2 x\u00a0 DC pavar\u0173 d\u0117\u017e\u0117s varikliai<\/li>\n<li>2 x Plastikiniai ratai i\u0161maniosioms automobilio robot\u0173 konstrukcijoms<\/li>\n<\/ul>\n<\/div>\n<ul>\n<li><strong>Pastaba:<\/strong>\n<ol>\n<li>\u0160i parduotuv\u0117 prekiauja gaminiais, ta\u010diau technin\u0117 pagalba n\u0117ra teikiama. Jei turite tam tikr\u0105 elektronini\u0173 technologij\u0173 \u017eini\u0173 pagrind\u0105, galite dr\u0105siai pirkti.<\/li>\n<li>Galima 1-3 mm\u00a0 i\u0161matavimo paklaida. D\u0117l skirtingo ap\u0161vietimo,ar skirtingo gamintojo, bei skirtingo \u0161viesos da\u017enio, nuotrauka gali\u00a0 nesutapti su prek\u0117s spalvos. A\u010di\u016b u\u017e supratim\u0105.<\/li>\n<\/ol>\n<\/li>\n<\/ul>\n<\/div>\n<\/div>\n<\/div>\n<\/div>\n<\/div>","protected":false},"excerpt":{"rendered":"<p>DC elektrinis variklis dvigubo veleno su pavar\u0173 d\u0117\u017ee &nbsp; DC elektrinis variklis 3-6V dvigubo veleno su pavar\u0173 d\u0117\u017ee TT ir 65 mm plastikiniais ratais, skirtas i\u0161maniosioms RC automobilio robot\u0173 konstrukcijoms [&hellip;]<\/p>","protected":false},"featured_media":604,"comment_status":"open","ping_status":"closed","template":"","meta":{"rank_math_lock_modified_date":false},"product_cat":[49],"product_tag":[],"class_list":{"0":"post-603","1":"product","2":"type-product","3":"status-publish","4":"has-post-thumbnail","6":"product_cat-robotika","8":"first","9":"instock","10":"sale","11":"shipping-taxable","12":"purchasable","13":"product-type-simple"},"_links":{"self":[{"href":"https:\/\/pasidaryk-robota.lt\/en\/wp-json\/wp\/v2\/product\/603"}],"collection":[{"href":"https:\/\/pasidaryk-robota.lt\/en\/wp-json\/wp\/v2\/product"}],"about":[{"href":"https:\/\/pasidaryk-robota.lt\/en\/wp-json\/wp\/v2\/types\/product"}],"replies":[{"embeddable":true,"href":"https:\/\/pasidaryk-robota.lt\/en\/wp-json\/wp\/v2\/comments?post=603"}],"wp:featuredmedia":[{"embeddable":true,"href":"https:\/\/pasidaryk-robota.lt\/en\/wp-json\/wp\/v2\/media\/604"}],"wp:attachment":[{"href":"https:\/\/pasidaryk-robota.lt\/en\/wp-json\/wp\/v2\/media?parent=603"}],"wp:term":[{"taxonomy":"product_cat","embeddable":true,"href":"https:\/\/pasidaryk-robota.lt\/en\/wp-json\/wp\/v2\/product_cat?post=603"},{"taxonomy":"product_tag","embeddable":true,"href":"https:\/\/pasidaryk-robota.lt\/en\/wp-json\/wp\/v2\/product_tag?post=603"}],"curies":[{"name":"wp","href":"https:\/\/api.w.org\/{rel}","templated":true}]}}