{"id":609,"date":"2024-10-16T19:49:02","date_gmt":"2024-10-16T19:49:02","guid":{"rendered":"https:\/\/pasidaryk-robota.lt\/?post_type=product&#038;p=609"},"modified":"2024-10-16T20:03:02","modified_gmt":"2024-10-16T20:03:02","slug":"rgb-spalvota-led-juosta-5050","status":"publish","type":"product","link":"https:\/\/pasidaryk-robota.lt\/en\/product\/rgb-spalvota-led-juosta-5050\/","title":{"rendered":"RGB spalvota LED juosta, 60LED\/m, 5 metr\u0173 rit\u0117"},"content":{"rendered":"<h1>RGB spalvota LED juosta, 60LED\/m, 5 metr\u0173 rit\u0117<\/h1>\n<p><strong>Apra\u0161ymas:<\/strong> \u0160i RGB spalvota LED juosta yra puikus pasirinkimas vidaus ap\u0161vietimui. Su 60 LED diod\u0173 viename metre ir 5 metr\u0173 ilgio rit\u0117, \u0161i juosta u\u017etikrina ry\u0161k\u0173 ir efektyv\u0173 ap\u0161vietim\u0105. D\u0117l savo lankstumo ir atsparumo \u0161i RGB spalvota LED juosta yra universali ir gali b\u016bti naudojama \u012fvairiose vietose apsaugant j\u0105 nuo dr\u0117gm\u0117s \u2013 namuose, sode, vakar\u0117liuose ar reklamoje. Juosta taip pat turi \u0161viesos spalv\u0173 pasirinkimus, \u012fskaitant RGB (raudona, \u017ealia, m\u0117lyna), \u0161ilt\u0105 balt\u0105, \u0161alt\u0105 balt\u0105, m\u0117lyn\u0105 ir kitus.<\/p>\n<p><strong>Technin\u0117s specifikacijos:<\/strong><\/p>\n<ul>\n<li><strong>LED tipas<\/strong>: 5050 LED (kiekviename metre \u2013 60 LED)<\/li>\n<li><strong>Juostos ilgis<\/strong>: 5 metrai<\/li>\n<li><strong>\u0160viesos spalvos<\/strong>:\u00a0 Kadangi tai RGB spalvota juosta, j\u016bs turinte ne tik \u0161ias pagrindines spalvas: \u0161iltai balta, \u0161altai balta, m\u0117lyna, raudona, \u017ealia,\u00a0 bet galite su ja i\u0161gauti 16 milijon\u0173 atspalvi\u0173<\/li>\n<li><strong>\u0160viesos stiprumas<\/strong>: Daugiau nei 2000 liumen\u0173<\/li>\n<li><strong>Maitinimas<\/strong>: 12V srov\u0117 (prijungiama prie sieninio maitinimo \u0161altinio)<\/li>\n<li><strong>Srov\u0117s stipris<\/strong>: 5A<\/li>\n<li><strong>Galia<\/strong>: 40 W &#8211; 59 W<\/li>\n<li><strong>Atsparumas dr\u0117gmei<\/strong>: IP33 (tinka tik vidaus s\u0105lygoms)<\/li>\n<li><strong>Lankstumas<\/strong>: Lanksti juosta, lengvai montuojama ant \u012fvairi\u0173 pavir\u0161i\u0173<\/li>\n<li><strong>Matmenys<\/strong>:\u00a0 ilgis &#8211; 5 metr\u0173 ilgio rit\u0117, plotis 1 cm<\/li>\n<\/ul>\n<p><strong>Panaudojimas:<\/strong><\/p>\n<ol>\n<li><strong>Interjero ap\u0161vietimas<\/strong>: Tinka ap\u0161viesti kambarius, virtuv\u0117s spinteles, laiptus ar baldus, suteikiant modern\u0173 ir ry\u0161k\u0173 vaizd\u0105.<\/li>\n<li><strong>Vakar\u0117liai ir renginiai<\/strong>: RGB juosta puikiai tinka vakar\u0117liams, gimtadieniams ar kitoms progoms, nes suteikia galimyb\u0119 keisti spalvas ir sukurti \u012fsp\u016bding\u0105 atmosfer\u0105.<\/li>\n<li><strong>Reklaminiai stendai ir vitrinos<\/strong>: Puikiai tinka ap\u0161viesti vitrinoms, reklamin\u0117ms i\u0161kaboms ar stendams, pritraukiant d\u0117mes\u012f spalvotu ap\u0161vietimu.<\/li>\n<\/ol>\n<p>\u0160i RGB spalvota LED juosta su daugybe spalv\u0173 pasirinkim\u0173 ir auk\u0161tu atsparumu yra puikus sprendimas \u012fvairioms ap\u0161vietimo reikm\u0117ms. Jos ilgaam\u017ei\u0161kumas, lankstumas ir lengvas montavimas leid\u017eia j\u0105 pritaikyti \u012fvairiose vietose.<\/p>\n<p>&nbsp;<\/p>\n<ul>\n<li><strong>Pastaba:<\/strong>\n<ol>\n<li>\u0160i parduotuv\u0117 prekiauja gaminiais, ta\u010diau technin\u0117 pagalba n\u0117ra teikiama. Jei turite tam tikr\u0105 elektronini\u0173 technologij\u0173 \u017eini\u0173 pagrind\u0105, galite dr\u0105siai pirkti.<\/li>\n<li>Galima 1-3 mm\u00a0 i\u0161matavimo paklaida. D\u0117l skirtingo ap\u0161vietimo,ar skirtingo gamintojo, bei skirtingo \u0161viesos da\u017enio, nuotrauka gali\u00a0 nesutapti su prek\u0117s spalvos. A\u010di\u016b u\u017e supratim\u0105.<\/li>\n<\/ol>\n<\/li>\n<\/ul>","protected":false},"excerpt":{"rendered":"<p>RGB spalvota LED juosta<\/p>","protected":false},"featured_media":610,"comment_status":"open","ping_status":"closed","template":"","meta":{"rank_math_lock_modified_date":false},"product_cat":[49,53],"product_tag":[],"class_list":{"0":"post-609","1":"product","2":"type-product","3":"status-publish","4":"has-post-thumbnail","6":"product_cat-robotika","7":"product_cat-protingas-namas","9":"first","10":"instock","11":"sale","12":"shipping-taxable","13":"purchasable","14":"product-type-simple"},"_links":{"self":[{"href":"https:\/\/pasidaryk-robota.lt\/en\/wp-json\/wp\/v2\/product\/609"}],"collection":[{"href":"https:\/\/pasidaryk-robota.lt\/en\/wp-json\/wp\/v2\/product"}],"about":[{"href":"https:\/\/pasidaryk-robota.lt\/en\/wp-json\/wp\/v2\/types\/product"}],"replies":[{"embeddable":true,"href":"https:\/\/pasidaryk-robota.lt\/en\/wp-json\/wp\/v2\/comments?post=609"}],"wp:featuredmedia":[{"embeddable":true,"href":"https:\/\/pasidaryk-robota.lt\/en\/wp-json\/wp\/v2\/media\/610"}],"wp:attachment":[{"href":"https:\/\/pasidaryk-robota.lt\/en\/wp-json\/wp\/v2\/media?parent=609"}],"wp:term":[{"taxonomy":"product_cat","embeddable":true,"href":"https:\/\/pasidaryk-robota.lt\/en\/wp-json\/wp\/v2\/product_cat?post=609"},{"taxonomy":"product_tag","embeddable":true,"href":"https:\/\/pasidaryk-robota.lt\/en\/wp-json\/wp\/v2\/product_tag?post=609"}],"curies":[{"name":"wp","href":"https:\/\/api.w.org\/{rel}","templated":true}]}}