{"id":614,"date":"2024-10-16T21:10:22","date_gmt":"2024-10-16T21:10:22","guid":{"rendered":"https:\/\/pasidaryk-robota.lt\/?post_type=product&#038;p=614"},"modified":"2024-10-16T21:10:23","modified_gmt":"2024-10-16T21:10:23","slug":"mini-dc-variklis-3-6v-130-tipo","status":"publish","type":"product","link":"https:\/\/pasidaryk-robota.lt\/en\/product\/mini-dc-variklis-3-6v-130-tipo\/","title":{"rendered":"Mini DC variklis 3-6V, 130 tipo"},"content":{"rendered":"<h1>Mini DC variklis 3-6V, 130 tipo<\/h1>\n<p>\u0160is 130 tipo mini DC variklis variklis, veikiantis nuo 3V iki 6V \u012ftampos, su dvipusiu velenu, puikiai tinka \u012fvairiems \u201epasidaryk pats\u201c projektams, robotikos sprendimams ir \u017eaislams. Variklis yra kompakti\u0161kas, lengvas, bet labai efektyvus, galintis pasiekti iki 11 000 apsisukim\u0173 per minut\u0119 (aps.\/min) esant 3V \u012ftampai. Jis taip pat gali b\u016bti naudojamas ma\u017eiems robotams, RC automobiliams, ventiliatoriams ir kitiems elektroniniams projektams.<\/p>\n<p><strong>Specifikacija:<\/strong><\/p>\n<ul>\n<li><strong>Mini DC Variklio matmenys:<\/strong> 15x20x25 mm (be veleno)<\/li>\n<li><strong>Veleno skersmuo:<\/strong> 2 mm<\/li>\n<li><strong>Veleno ilgis:<\/strong> 8 mm (i\u0161 abiej\u0173 pusi\u0173)<\/li>\n<li><strong>\u012etampos diapazonas:<\/strong> 3V \u2013 6V DC<\/li>\n<li><strong>Sukimosi greitis esant 3V:<\/strong> 11 000 aps.\/min<\/li>\n<li><strong>Srov\u0117:<\/strong> 200-400 mA<\/li>\n<li><strong>Variklio tipas:<\/strong> 130 DC variklis<\/li>\n<\/ul>\n<p><strong>Pritaikymas:<\/strong><\/p>\n<ul>\n<li>\u0160is mini DC variklis 3-6v\u00a0 naudojamas \u012fvairiose elektronikos ir robotikos sistemose, \u012fskaitant \u017eaislus, ma\u017eus mechanizmus, edukacinius robotus bei elektronikos \u201epasidaryk pats\u201c projektus.<\/li>\n<\/ul>\n<p>&nbsp;<\/p>\n<p>&nbsp;<\/p>","protected":false},"excerpt":{"rendered":"<p>Mini DC variklis 3-6V, 130 tipo \u0160is 130 tipo mini DC variklis variklis, veikiantis nuo 3V iki 6V \u012ftampos, su dvipusiu velenu, puikiai tinka \u012fvairiems \u201epasidaryk pats\u201c projektams, robotikos sprendimams [&hellip;]<\/p>","protected":false},"featured_media":615,"comment_status":"open","ping_status":"closed","template":"","meta":{"rank_math_lock_modified_date":false},"product_cat":[15],"product_tag":[],"class_list":{"0":"post-614","1":"product","2":"type-product","3":"status-publish","4":"has-post-thumbnail","6":"product_cat-uncategorized","8":"first","9":"instock","10":"shipping-taxable","11":"product-type-simple"},"_links":{"self":[{"href":"https:\/\/pasidaryk-robota.lt\/en\/wp-json\/wp\/v2\/product\/614"}],"collection":[{"href":"https:\/\/pasidaryk-robota.lt\/en\/wp-json\/wp\/v2\/product"}],"about":[{"href":"https:\/\/pasidaryk-robota.lt\/en\/wp-json\/wp\/v2\/types\/product"}],"replies":[{"embeddable":true,"href":"https:\/\/pasidaryk-robota.lt\/en\/wp-json\/wp\/v2\/comments?post=614"}],"wp:featuredmedia":[{"embeddable":true,"href":"https:\/\/pasidaryk-robota.lt\/en\/wp-json\/wp\/v2\/media\/615"}],"wp:attachment":[{"href":"https:\/\/pasidaryk-robota.lt\/en\/wp-json\/wp\/v2\/media?parent=614"}],"wp:term":[{"taxonomy":"product_cat","embeddable":true,"href":"https:\/\/pasidaryk-robota.lt\/en\/wp-json\/wp\/v2\/product_cat?post=614"},{"taxonomy":"product_tag","embeddable":true,"href":"https:\/\/pasidaryk-robota.lt\/en\/wp-json\/wp\/v2\/product_tag?post=614"}],"curies":[{"name":"wp","href":"https:\/\/api.w.org\/{rel}","templated":true}]}}