{"id":618,"date":"2024-10-16T21:18:37","date_gmt":"2024-10-16T21:18:37","guid":{"rendered":"https:\/\/pasidaryk-robota.lt\/?post_type=product&#038;p=618"},"modified":"2024-10-16T21:18:37","modified_gmt":"2024-10-16T21:18:37","slug":"2-kontaktu-mygtukinis-jungiklis","status":"publish","type":"product","link":"https:\/\/pasidaryk-robota.lt\/en\/product\/2-kontaktu-mygtukinis-jungiklis\/","title":{"rendered":"2 kontakt\u0173 mygtukinis jungiklis  10x15mm SPST 2Pin 3A 250V KCD11"},"content":{"rendered":"<h1>2 kontakt\u0173 mygtukinis jungiklis<\/h1>\n<p>\u0160is kompakti\u0161kas\u00a0 2 kontakt\u0173 mygtukinis jungiklis SPST (Single Pole Single Throw) yra skirtas naudoti \u012fvairiuose elektronikos ir \u201epasidaryk pats\u201c projektuose. KCD11 tipo jungiklis turi dviej\u0173 pad\u0117\u010di\u0173 (\u012eJUNGTA\/I\u0160JUNGTA) funkcij\u0105, ir lengvai tvirtinamas \u201eSnap-in\u201c b\u016bdu. Puikiai tinka ma\u017eoms prietais\u0173 valdymo sistemoms.<\/p>\n<p><strong>Specifikacijos:<\/strong><\/p>\n<ul>\n<li><strong>Modelis:<\/strong> KCD11<\/li>\n<li><strong>Srov\u0117 iki:<\/strong> 3A<\/li>\n<li><strong>\u012etampa iki : <\/strong>\u00a0250V<\/li>\n<li><strong>Dydis:<\/strong> 10&#215;15 mm<\/li>\n<li><strong>Spalva:<\/strong> Juoda, raudona (atsitiktiniu b\u016bdu)<\/li>\n<li><strong>Med\u017eiaga:<\/strong> Plastikas<\/li>\n<li><strong>Kontakt\u0173 tipas:<\/strong> 2 kai\u0161\u010di\u0173 (2Pin)<\/li>\n<li><strong>Pad\u0117tis:<\/strong> 2 pad\u0117tys (ON\/OFF)<\/li>\n<\/ul>\n<p><strong>Pritaikymas:<\/strong> \u0160is\u00a0 jungiklis yra pla\u010diai naudojamas \u012fvairiuose prietaisuose, \u012fskaitant elektronikos projektus, \u017eaislus, robotikos projektuose, ap\u0161vietimo valdym\u0105, ventiliatorius, buitin\u0119 technik\u0105 ir kitus ma\u017eus elektros \u012frenginius.<\/p>","protected":false},"excerpt":{"rendered":"<p>2 kontakt\u0173 mygtukinis jungiklis \u0160is kompakti\u0161kas\u00a0 2 kontakt\u0173 mygtukinis jungiklis SPST (Single Pole Single Throw) yra skirtas naudoti \u012fvairiuose elektronikos ir \u201epasidaryk pats\u201c projektuose. KCD11 tipo jungiklis turi dviej\u0173 pad\u0117\u010di\u0173 [&hellip;]<\/p>","protected":false},"featured_media":619,"comment_status":"open","ping_status":"closed","template":"","meta":{"rank_math_lock_modified_date":false},"product_cat":[15],"product_tag":[],"class_list":{"0":"post-618","1":"product","2":"type-product","3":"status-publish","4":"has-post-thumbnail","6":"product_cat-uncategorized","8":"first","9":"instock","10":"shipping-taxable","11":"purchasable","12":"product-type-simple"},"_links":{"self":[{"href":"https:\/\/pasidaryk-robota.lt\/en\/wp-json\/wp\/v2\/product\/618"}],"collection":[{"href":"https:\/\/pasidaryk-robota.lt\/en\/wp-json\/wp\/v2\/product"}],"about":[{"href":"https:\/\/pasidaryk-robota.lt\/en\/wp-json\/wp\/v2\/types\/product"}],"replies":[{"embeddable":true,"href":"https:\/\/pasidaryk-robota.lt\/en\/wp-json\/wp\/v2\/comments?post=618"}],"wp:featuredmedia":[{"embeddable":true,"href":"https:\/\/pasidaryk-robota.lt\/en\/wp-json\/wp\/v2\/media\/619"}],"wp:attachment":[{"href":"https:\/\/pasidaryk-robota.lt\/en\/wp-json\/wp\/v2\/media?parent=618"}],"wp:term":[{"taxonomy":"product_cat","embeddable":true,"href":"https:\/\/pasidaryk-robota.lt\/en\/wp-json\/wp\/v2\/product_cat?post=618"},{"taxonomy":"product_tag","embeddable":true,"href":"https:\/\/pasidaryk-robota.lt\/en\/wp-json\/wp\/v2\/product_tag?post=618"}],"curies":[{"name":"wp","href":"https:\/\/api.w.org\/{rel}","templated":true}]}}